{"id":7,"date":"2017-06-15T21:02:11","date_gmt":"2017-06-15T21:02:11","guid":{"rendered":"https:\/\/www.tomajcamping.hu\/?page_id=7"},"modified":"2025-11-21T12:28:54","modified_gmt":"2025-11-21T10:28:54","slug":"kezdolap","status":"publish","type":"page","link":"https:\/\/www.tomajcamping.hu\/de\/","title":{"rendered":"\u00dcber Uns"},"content":{"rendered":"<p><\/p>\n<p style=\"text-align: center;\"><strong><em>Tomaj Camping\u00a0 Appartements &#8211; Strand<\/em><\/strong><em><br \/>\n<\/em><\/p>\n<p style=\"text-align: center;\"><em>H-8258 Badacsonytomaj Balaton u. 28. (am Ufer)<\/em><\/p>\n<p style=\"text-align: center;\"><strong>LIEBE G\u00e4STE!<br \/>\n<\/strong><\/p>\n<p style=\"text-align: center;\"><strong>Wir \u00f6ffnen unsere Camping:<\/strong><\/p>\n<p style=\"text-align: center;\"><strong>30. April 2026<\/strong><\/p>\n<p style=\"text-align: center;\"><em><strong>Sie k\u00f6nnen reservieren ab 6. Januar 2025, ab 8 Uhr. <\/strong><\/em><\/p>\n<p style=\"text-align: center;\">\n<p style=\"text-align: center;\"><strong>WOHNMOBIL und ZELTPL\u00e4TZE KANN MAN NICHT RESERVIEREN!<\/strong><\/p>\n<p style=\"text-align: center;\">Alle unsere G\u00e4ste sollen Personalausweiss ode Pass mitbringen, nur damit kann man zu uns einmelden.<\/p>\n<p style=\"text-align: center;\"><strong>HUNDE KANN MAN IN DIE CAMPING REINBRINGEN , ABER DIE MUSS MAN\u00a0 IMMER\u00a0 AUF DER LEINE HALTEN. F\u00dcR HUNDE IST STRENG VERBOTEN INS WASSER REINGEHEN ODER AUF DEM GEBIET VOM STRAND SEIN!<\/strong><\/p>\n<p style=\"text-align: center;\"><strong>AB ER\u00d6FFNUNG BIS ERSTE SEPTEMBER DARF MAN NUR AUF EINE BESTIMMTE PLATZ ANGELN (PLATZ UNGEF\u00e4HR F\u00dcR 4 PERSONEN), AB ERSTE SEPTEMBER DARF MAN AUF GANZE GEBIET VOM STRAND ANGELN!<\/strong><\/p>\n<p style=\"text-align: center;\"><strong>\u00a0<\/strong><\/p>\n<p style=\"text-align: center;\"><em>Tel:\u00a0 \u00a0 \u00a0\u00a0<\/em><em style=\"font-size: 1rem;\">+36\/70-947-9739<\/em><em style=\"font-size: 1rem;\">\u00a0 \u00a0 \u00a0<\/em><\/p>\n<p style=\"text-align: center;\"><em><br \/>\n<\/em><\/p>\n<p style=\"text-align: center;\"><strong>E-mail: <a href=\"mailto:info@tomajcamping.hu\">info@tomajcamping.hu<\/a><\/strong><\/p>\n<p style=\"text-align: center;\"><u><strong>\u00a0GE\u00d6FFNET: ENDE APRIL &#8211; \u00a0ENDE SEPTEMBER<\/strong><\/u><\/p>\n<p style=\"text-align: center;\"><em>Herzlich Willkommen an der erneuerten<br \/>\nWebseite von Tomaj Camping\u00a0 !<br \/>\n<\/em><\/p>\n<figure id=\"attachment_35\" aria-describedby=\"caption-attachment-35\" style=\"width: 300px\" class=\"wp-caption alignleft\"><img loading=\"lazy\" decoding=\"async\" class=\"wp-image-35 size-medium\" src=\"https:\/\/www.tomajcamping.hu\/wp-content\/uploads\/2017\/06\/bada-300x207.jpg\" alt=\"Badacsony\" width=\"300\" height=\"207\" srcset=\"https:\/\/www.tomajcamping.hu\/wp-content\/uploads\/2017\/06\/bada-300x207.jpg 300w, https:\/\/www.tomajcamping.hu\/wp-content\/uploads\/2017\/06\/bada.jpg 308w\" sizes=\"auto, (max-width: 300px) 100vw, 300px\" \/><figcaption id=\"caption-attachment-35\" class=\"wp-caption-text\">Badacsony<\/figcaption><\/figure>\n<p style=\"text-align: center;\">Erholen Sie sich in der sch\u00f6nsten und aufregendsten\u00a0Umgebung des Nordufers von Balaton!<br \/>\nWir erwarten Sie !<\/p>\n<p style=\"text-align: center;\"><em><br \/>\n<\/em>Wassertiefe am eigenen Strand: 0,5 m &#8211; 1,8 m.<\/p>\n<p><\/p>","protected":false},"excerpt":{"rendered":"<p>Tomaj Camping\u00a0 Appartements &#8211; Strand H-8258 Badacsonytomaj Balaton u. 28. (am Ufer) LIEBE G\u00e4STE! Wir \u00f6ffnen unsere Camping: 30. April 2026 Sie k\u00f6nnen reservieren ab 6. Januar 2025, ab 8 Uhr. WOHNMOBIL und ZELTPL\u00e4TZE KANN MAN NICHT RESERVIEREN! Alle unsere G\u00e4ste sollen Personalausweiss ode Pass mitbringen, nur damit kann man zu uns einmelden. HUNDE KANN &hellip; <\/p>\n<p class=\"link-more\"><a href=\"https:\/\/www.tomajcamping.hu\/de\/\" class=\"more-link\"><span class=\"screen-reader-text\">\u201e\u00dcber Uns\u201c <\/span>weiterlesen<\/a><\/p>\n","protected":false},"author":1,"featured_media":0,"parent":0,"menu_order":0,"comment_status":"closed","ping_status":"closed","template":"","meta":{"footnotes":""},"class_list":["post-7","page","type-page","status-publish","hentry"],"_links":{"self":[{"href":"https:\/\/www.tomajcamping.hu\/de\/wp-json\/wp\/v2\/pages\/7","targetHints":{"allow":["GET"]}}],"collection":[{"href":"https:\/\/www.tomajcamping.hu\/de\/wp-json\/wp\/v2\/pages"}],"about":[{"href":"https:\/\/www.tomajcamping.hu\/de\/wp-json\/wp\/v2\/types\/page"}],"author":[{"embeddable":true,"href":"https:\/\/www.tomajcamping.hu\/de\/wp-json\/wp\/v2\/users\/1"}],"replies":[{"embeddable":true,"href":"https:\/\/www.tomajcamping.hu\/de\/wp-json\/wp\/v2\/comments?post=7"}],"version-history":[{"count":58,"href":"https:\/\/www.tomajcamping.hu\/de\/wp-json\/wp\/v2\/pages\/7\/revisions"}],"predecessor-version":[{"id":362,"href":"https:\/\/www.tomajcamping.hu\/de\/wp-json\/wp\/v2\/pages\/7\/revisions\/362"}],"wp:attachment":[{"href":"https:\/\/www.tomajcamping.hu\/de\/wp-json\/wp\/v2\/media?parent=7"}],"curies":[{"name":"wp","href":"https:\/\/api.w.org\/{rel}","templated":true}]}}