{"id":49,"date":"2017-06-22T10:01:17","date_gmt":"2017-06-22T10:01:17","guid":{"rendered":"https:\/\/www.tomajcamping.hu\/?page_id=49"},"modified":"2025-11-21T13:31:14","modified_gmt":"2025-11-21T11:31:14","slug":"szolgaltatasok","status":"publish","type":"page","link":"https:\/\/www.tomajcamping.hu\/de\/szolgaltatasok\/","title":{"rendered":"Deinsleistungen"},"content":{"rendered":"<p>Der <strong>Campingplatz Tomaj <\/strong>liegt am Nordufer des Balatons, in Badacsonytomaj, direkt am Ufer. Im Erholungsparadies \u00a0auf dem etwa 3 ha gro\u00dfen Naturschutzgebiet bieten die auf schattenspendenden und sonnigen Pl\u00e4tzen angelegten Parzellen, die neuen komfortablen Sanit\u00e4ranlagen und die gepflegte Umgebung einen angenehmen Urlaub.<\/p>\n<p>Die wundersch\u00f6ne Umgebung macht die Stimmung einzigartig. Von der stillen, gesch\u00fctzten kleinen Bucht aus hat man eine malerische Aussicht auf den See, sowie auf die Zeugenberge, die seltene Naturwerte beinhalten. Der Erholungsort am Wasserufer verf\u00fcgt \u00fcber eine Kapazit\u00e4t von 150 Campingpl\u00e4tzen sowie 44 Bungalows, und \u00fcber einen eigenen Strand. Die Holzhaus-Appartements sind mit Terrasse, Minik\u00fcche, Fernseher, K\u00fchlschrank und Kochplatte ausgestattet.<\/p>\n<p><strong><u>Unsere Dienstleistungen:<\/u><\/strong><\/p>\n<ul>\n<li>kostenlose WiFi<\/li>\n<li>moderne Sanit\u00e4ranlagen<\/li>\n<li>Spielplatz, eigenes Strand<\/li>\n<li>B\u00fcffet: wir erwarten unsere G\u00e4ste mit ungarische Spezialit\u00e4ten und mit g\u00fcnstige Preise<\/li>\n<li>Sportm\u00f6glichkeiten: Tischtennis, Fu\u00dfball<\/li>\n<li>Wassersportger\u00e4te-Verleih<\/li>\n<li>Benutzung von Grillplatz im Freien<\/li>\n<li>Waschmaschinen, Trockners &#8211; gegen Geb\u00fchr<\/li>\n<\/ul>\n<p>Wir hoffen, der bei uns verbrachte Urlaub hinterl\u00e4sst ein unvergessliches Erlebnis bei Ihnen und Sie werden es Ihren Freunden und Bekannten ruhig weiter empfehlen<\/p>","protected":false},"excerpt":{"rendered":"<p>Der Campingplatz Tomaj liegt am Nordufer des Balatons, in Badacsonytomaj, direkt am Ufer. Im Erholungsparadies \u00a0auf dem etwa 3 ha gro\u00dfen Naturschutzgebiet bieten die auf schattenspendenden und sonnigen Pl\u00e4tzen angelegten Parzellen, die neuen komfortablen Sanit\u00e4ranlagen und die gepflegte Umgebung einen angenehmen Urlaub. Die wundersch\u00f6ne Umgebung macht die Stimmung einzigartig. Von der stillen, gesch\u00fctzten kleinen Bucht &hellip; <\/p>\n<p class=\"link-more\"><a href=\"https:\/\/www.tomajcamping.hu\/de\/szolgaltatasok\/\" class=\"more-link\"><span class=\"screen-reader-text\">\u201eDeinsleistungen\u201c <\/span>weiterlesen<\/a><\/p>\n","protected":false},"author":1,"featured_media":0,"parent":0,"menu_order":0,"comment_status":"closed","ping_status":"closed","template":"","meta":{"footnotes":""},"class_list":["post-49","page","type-page","status-publish","hentry"],"_links":{"self":[{"href":"https:\/\/www.tomajcamping.hu\/de\/wp-json\/wp\/v2\/pages\/49","targetHints":{"allow":["GET"]}}],"collection":[{"href":"https:\/\/www.tomajcamping.hu\/de\/wp-json\/wp\/v2\/pages"}],"about":[{"href":"https:\/\/www.tomajcamping.hu\/de\/wp-json\/wp\/v2\/types\/page"}],"author":[{"embeddable":true,"href":"https:\/\/www.tomajcamping.hu\/de\/wp-json\/wp\/v2\/users\/1"}],"replies":[{"embeddable":true,"href":"https:\/\/www.tomajcamping.hu\/de\/wp-json\/wp\/v2\/comments?post=49"}],"version-history":[{"count":6,"href":"https:\/\/www.tomajcamping.hu\/de\/wp-json\/wp\/v2\/pages\/49\/revisions"}],"predecessor-version":[{"id":367,"href":"https:\/\/www.tomajcamping.hu\/de\/wp-json\/wp\/v2\/pages\/49\/revisions\/367"}],"wp:attachment":[{"href":"https:\/\/www.tomajcamping.hu\/de\/wp-json\/wp\/v2\/media?parent=49"}],"curies":[{"name":"wp","href":"https:\/\/api.w.org\/{rel}","templated":true}]}}